{"id":586,"date":"2014-03-27T19:49:36","date_gmt":"2014-03-27T19:49:36","guid":{"rendered":"http:\/\/www.omniwomenshealth.com\/omniwp2014\/?page_id=586"},"modified":"2014-04-03T16:06:31","modified_gmt":"2014-04-03T16:06:31","slug":"notice-of-privacy-practices","status":"publish","type":"page","link":"https:\/\/www.omniwomenshealth.com\/omniwp2014\/patients\/notice-of-privacy-practices\/","title":{"rendered":"Privacy Practices"},"content":{"rendered":"<h3>English<\/h3>\n<p><a href=\"https:\/\/www.omniwomenshealth.com\/omniwp2014\/wp-content\/uploads\/2014\/03\/NPP-English-2013.docx\">Notice of Privacy Practices<\/a><\/p>\n<h3>Espa\u00f1ol<\/h3>\n<p><a href=\"https:\/\/www.omniwomenshealth.com\/omniwp2014\/wp-content\/uploads\/2014\/03\/NPP-Spanish-2013.docx\">Notificaci\u00f3n de Pr\u00e1cticas Privadas<\/a><\/p>\n","protected":false},"excerpt":{"rendered":"<p>English Notice of Privacy Practices Espa\u00f1ol Notificaci\u00f3n de Pr\u00e1cticas Privadas<\/p>\n","protected":false},"author":1,"featured_media":0,"parent":10,"menu_order":0,"comment_status":"open","ping_status":"open","template":"","meta":{"_acf_changed":false,"footnotes":""},"class_list":["post-586","page","type-page","status-publish","hentry"],"acf":[],"_links":{"self":[{"href":"https:\/\/www.omniwomenshealth.com\/omniwp2014\/wp-json\/wp\/v2\/pages\/586","targetHints":{"allow":["GET"]}}],"collection":[{"href":"https:\/\/www.omniwomenshealth.com\/omniwp2014\/wp-json\/wp\/v2\/pages"}],"about":[{"href":"https:\/\/www.omniwomenshealth.com\/omniwp2014\/wp-json\/wp\/v2\/types\/page"}],"author":[{"embeddable":true,"href":"https:\/\/www.omniwomenshealth.com\/omniwp2014\/wp-json\/wp\/v2\/users\/1"}],"replies":[{"embeddable":true,"href":"https:\/\/www.omniwomenshealth.com\/omniwp2014\/wp-json\/wp\/v2\/comments?post=586"}],"version-history":[{"count":4,"href":"https:\/\/www.omniwomenshealth.com\/omniwp2014\/wp-json\/wp\/v2\/pages\/586\/revisions"}],"predecessor-version":[{"id":626,"href":"https:\/\/www.omniwomenshealth.com\/omniwp2014\/wp-json\/wp\/v2\/pages\/586\/revisions\/626"}],"up":[{"embeddable":true,"href":"https:\/\/www.omniwomenshealth.com\/omniwp2014\/wp-json\/wp\/v2\/pages\/10"}],"wp:attachment":[{"href":"https:\/\/www.omniwomenshealth.com\/omniwp2014\/wp-json\/wp\/v2\/media?parent=586"}],"curies":[{"name":"wp","href":"https:\/\/api.w.org\/{rel}","templated":true}]}}